
{"id":63,"date":"2020-07-29T11:41:07","date_gmt":"2020-07-29T14:41:07","guid":{"rendered":"http:\/\/kreante.com.ar\/?page_id=63"},"modified":"2020-07-29T11:41:07","modified_gmt":"2020-07-29T14:41:07","slug":"cursos-en-linea","status":"publish","type":"page","link":"https:\/\/kreante.com.ar\/index.php\/cursos-en-linea\/","title":{"rendered":"Cursos en l\u00ednea"},"content":{"rendered":"\n<p>\u00a1Estamos comenzando!, y \u00a1es una gran alegr\u00eda!<\/p>\n\n\n\n<p>En esta secci\u00f3n podr\u00e1s ver pronto los cursos que comenzaremos a ofrecer y tambi\u00e9n aquellos que vos quieras ofrecer.<\/p>\n\n\n\n<p>Sumate y mantenete en contacto.<\/p>\n\n\n\n<p>Saludos<\/p>\n","protected":false},"excerpt":{"rendered":"<p>\u00a1Estamos comenzando!, y \u00a1es una gran alegr\u00eda! En esta secci\u00f3n podr\u00e1s ver pronto los cursos que comenzaremos a ofrecer y tambi\u00e9n aquellos que vos quieras ofrecer. Sumate y mantenete en contacto. Saludos<\/p>\n","protected":false},"author":1,"featured_media":0,"parent":0,"menu_order":0,"comment_status":"closed","ping_status":"closed","template":"","meta":{"footnotes":""},"class_list":["post-63","page","type-page","status-publish","hentry"],"_links":{"self":[{"href":"https:\/\/kreante.com.ar\/index.php\/wp-json\/wp\/v2\/pages\/63","targetHints":{"allow":["GET"]}}],"collection":[{"href":"https:\/\/kreante.com.ar\/index.php\/wp-json\/wp\/v2\/pages"}],"about":[{"href":"https:\/\/kreante.com.ar\/index.php\/wp-json\/wp\/v2\/types\/page"}],"author":[{"embeddable":true,"href":"https:\/\/kreante.com.ar\/index.php\/wp-json\/wp\/v2\/users\/1"}],"replies":[{"embeddable":true,"href":"https:\/\/kreante.com.ar\/index.php\/wp-json\/wp\/v2\/comments?post=63"}],"version-history":[{"count":1,"href":"https:\/\/kreante.com.ar\/index.php\/wp-json\/wp\/v2\/pages\/63\/revisions"}],"predecessor-version":[{"id":64,"href":"https:\/\/kreante.com.ar\/index.php\/wp-json\/wp\/v2\/pages\/63\/revisions\/64"}],"wp:attachment":[{"href":"https:\/\/kreante.com.ar\/index.php\/wp-json\/wp\/v2\/media?parent=63"}],"curies":[{"name":"wp","href":"https:\/\/api.w.org\/{rel}","templated":true}]}}