
{"id":67,"date":"2020-07-29T11:44:31","date_gmt":"2020-07-29T14:44:31","guid":{"rendered":"http:\/\/kreante.com.ar\/?page_id=67"},"modified":"2020-07-29T15:36:14","modified_gmt":"2020-07-29T18:36:14","slug":"quienes-somos","status":"publish","type":"page","link":"https:\/\/kreante.com.ar\/index.php\/quienes-somos\/","title":{"rendered":"\u00bfQui\u00e9nes somos?"},"content":{"rendered":"\n<p>Somos un equipo de docentes especializados en educaci\u00f3n, en comunicaci\u00f3n, en LMS y en TICs que entendemos que la educaci\u00f3n virtual o la educaci\u00f3n en l\u00ednea es el presente y el futuro de la educaci\u00f3n.<\/p>\n\n\n\n<p>Creemos que la educaci\u00f3n virtual es una herramienta que puede enriquecer la forma de vincularnos con los dem\u00e1s.<\/p>\n\n\n\n<p>Queremos compartir nuestra experiencia.<\/p>\n\n\n\n<p>Podemos trabajar juntos. Contactate con nosotros a trav\u00e9s del formulario de contacto o seguinos en las redes.<\/p>\n\n\n\n<p><strong>Equipo KREANTE:<\/strong><\/p>\n\n\n\n<p><em>Cecilia Mu\u00f1oz y Rub\u00e9n Molina<\/em><\/p>\n","protected":false},"excerpt":{"rendered":"<p>Somos un equipo de docentes especializados en educaci\u00f3n, en comunicaci\u00f3n, en LMS y en TICs que entendemos que la educaci\u00f3n virtual o la educaci\u00f3n en l\u00ednea es el presente y el futuro de la educaci\u00f3n. Creemos que la educaci\u00f3n virtual es una herramienta que puede enriquecer la forma de vincularnos con los dem\u00e1s. Queremos compartir [&hellip;]<\/p>\n","protected":false},"author":1,"featured_media":0,"parent":0,"menu_order":0,"comment_status":"closed","ping_status":"closed","template":"","meta":{"footnotes":""},"class_list":["post-67","page","type-page","status-publish","hentry"],"_links":{"self":[{"href":"https:\/\/kreante.com.ar\/index.php\/wp-json\/wp\/v2\/pages\/67","targetHints":{"allow":["GET"]}}],"collection":[{"href":"https:\/\/kreante.com.ar\/index.php\/wp-json\/wp\/v2\/pages"}],"about":[{"href":"https:\/\/kreante.com.ar\/index.php\/wp-json\/wp\/v2\/types\/page"}],"author":[{"embeddable":true,"href":"https:\/\/kreante.com.ar\/index.php\/wp-json\/wp\/v2\/users\/1"}],"replies":[{"embeddable":true,"href":"https:\/\/kreante.com.ar\/index.php\/wp-json\/wp\/v2\/comments?post=67"}],"version-history":[{"count":2,"href":"https:\/\/kreante.com.ar\/index.php\/wp-json\/wp\/v2\/pages\/67\/revisions"}],"predecessor-version":[{"id":265,"href":"https:\/\/kreante.com.ar\/index.php\/wp-json\/wp\/v2\/pages\/67\/revisions\/265"}],"wp:attachment":[{"href":"https:\/\/kreante.com.ar\/index.php\/wp-json\/wp\/v2\/media?parent=67"}],"curies":[{"name":"wp","href":"https:\/\/api.w.org\/{rel}","templated":true}]}}