
{"id":8,"date":"2020-07-29T11:25:36","date_gmt":"2020-07-29T14:25:36","guid":{"rendered":"http:\/\/kreante.com.ar\/index.php\/colibri-wp\/"},"modified":"2020-08-04T22:21:13","modified_gmt":"2020-08-05T01:21:13","slug":"colibri-wp","status":"publish","type":"page","link":"https:\/\/kreante.com.ar\/","title":{"rendered":"Inicio"},"content":{"rendered":"<div data-colibri-id=\"8-c1\" class=\"style-190 style-local-8-c1 position-relative\">\n  <!---->\n  <div data-colibri-component=\"section\" data-colibri-id=\"8-c2\" id=\"features\" class=\"h-section h-section-global-spacing d-flex align-items-lg-center align-items-md-center align-items-center style-205 style-local-8-c2 position-relative\">\n    <!---->\n    <!---->\n    <div class=\"h-section-grid-container h-section-boxed-container\">\n      <div data-colibri-id=\"8-c22\" class=\"h-row-container gutters-row-lg-2 gutters-row-md-2 gutters-row-0 gutters-row-v-lg-2 gutters-row-v-md-2 gutters-row-v-2 style-213 style-local-8-c22 position-relative\">\n        <!---->\n        <div class=\"h-row justify-content-lg-center justify-content-md-center justify-content-center align-items-lg-stretch align-items-md-stretch align-items-stretch gutters-col-lg-2 gutters-col-md-2 gutters-col-0 gutters-col-v-lg-2 gutters-col-v-md-2 gutters-col-v-2\">\n          <!---->\n          <div class=\"h-column h-column-container d-flex h-col-lg-auto h-col-md-auto h-col-auto style-214-outer style-local-8-c23-outer\">\n            <div data-colibri-id=\"8-c23\" class=\"d-flex h-flex-basis h-column__inner h-px-lg-2 h-px-md-2 h-px-2 v-inner-lg-2 v-inner-md-2 v-inner-2 style-214 style-local-8-c23 position-relative\">\n              <!---->\n              <!---->\n              <div class=\"w-100 h-y-container h-column__content h-column__v-align flex-basis-100 align-self-lg-start align-self-md-start align-self-start\">\n                <!---->\n                <div data-colibri-id=\"8-c24\" class=\"h-global-transition-all h-heading style-215 style-local-8-c24 position-relative h-element\">\n                  <!---->\n                  <div class=\"h-heading__outer style-215 style-local-8-c24\">\n                    <!---->\n                    <!---->\n                    <h2 class=\"\">\u00bfNecesit\u00e1s llegar a la gente con cursos, servicios o productos a trav\u00e9s de la web?\n                      <br>\u00a1Est\u00e1s en el lugar indicado!<\/h2>\n                  <\/div>\n                <\/div>\n              <\/div>\n            <\/div>\n          <\/div>\n        <\/div>\n      <\/div>\n      <div data-colibri-id=\"8-c3\" class=\"h-row-container gutters-row-lg-2 gutters-row-md-2 gutters-row-2 gutters-row-v-lg-2 gutters-row-v-md-2 gutters-row-v-2 style-206 style-local-8-c3 position-relative\">\n        <!---->\n        <div class=\"h-row justify-content-lg-center justify-content-md-center justify-content-center align-items-lg-stretch align-items-md-stretch align-items-stretch gutters-col-lg-2 gutters-col-md-2 gutters-col-2 gutters-col-v-lg-2 gutters-col-v-md-2 gutters-col-v-2\">\n          <!---->\n          <div class=\"h-column h-column-container d-flex h-col-lg-4 h-col-md-6 h-col-12 style-207-outer style-local-8-c4-outer\">\n            <div data-colibri-id=\"8-c4\" class=\"d-flex h-flex-basis h-column__inner h-px-lg-3 h-px-md-3 h-px-2 v-inner-lg-3 v-inner-md-3 v-inner-2 style-207 style-local-8-c4 position-relative\">\n              <!---->\n              <!---->\n              <div class=\"w-100 h-y-container h-column__content h-column__v-align flex-basis-100 align-self-lg-center align-self-md-center align-self-center\">\n                <!---->\n                <div data-colibri-id=\"8-c5\" class=\"h-icon style-208 style-local-8-c5 position-relative h-element\">\n                  <!----><span class=\"h-svg-icon h-icon__icon style-208-icon style-local-8-c5-icon\"><!--Icon by Font Awesome (https:\/\/fontawesome.com)--><svg version=\"1.1\" xmlns=\"http:\/\/www.w3.org\/2000\/svg\" xmlns:xlink=\"http:\/\/www.w3.org\/1999\/xlink\" id=\"copy\" viewBox=\"0 0 1792 1896.0833\"><path d=\"M1696 384q40 0 68 28t28 68v1216q0 40-28 68t-68 28H736q-40 0-68-28t-28-68v-288H96q-40 0-68-28t-28-68V640q0-40 20-88t48-76L476 68q28-28 76-48t88-20h416q40 0 68 28t28 68v328q68-40 128-40h416zm-544 213L853 896h299V597zM512 213L213 512h299V213zm196 647l316-316V128H640v416q0 40-28 68t-68 28H128v640h512v-256q0-40 20-88t48-76zm956 804V512h-384v416q0 40-28 68t-68 28H768v640h896z\"><\/path><\/svg><\/span><\/div>\n                <div\n                  data-colibri-id=\"8-c6\" class=\"h-global-transition-all h-heading style-209 style-local-8-c6 position-relative h-element\">\n                  <!---->\n                  <div class=\"h-heading__outer style-209 style-local-8-c6\">\n                    <!---->\n                    <!---->\n                    <h4 class=\"\">DISE\u00d1O DE P\u00c1GINAS WEB<\/h4>\n                  <\/div>\n              <\/div>\n              <div data-colibri-id=\"8-c7\" class=\"h-text h-text-component style-210 style-local-8-c7 position-relative h-element\">\n                <!---->\n                <!---->\n                <div class=\"\">\n                  <p>Dise\u00f1amos la web para tu proyecto personal.&nbsp;&nbsp;<\/p>\n                <\/div>\n              <\/div>\n              <div data-colibri-id=\"8-c8\" class=\"h-x-container style-211 style-local-8-c8 position-relative h-element\">\n                <!---->\n                <div class=\"h-x-container-inner style-dynamic-8-c8-group style-211-spacing style-local-8-c8-spacing\"><span class=\"h-button__outer style-212-outer style-local-8-c9-outer d-inline-flex h-element\"><a h-use-smooth-scroll=\"true\" href=\"http:\/\/localhost\/kreante2\/index.php\/diseno-web\/\"  data-colibri-id=\"8-c9\" class=\"d-flex w-100 align-items-center h-button justify-content-lg-center justify-content-md-center justify-content-center style-212 style-local-8-c9 position-relative\"><!----><!----> <span>Dise\u00f1o web<\/span><\/a>\n                  <\/span>\n                <\/div>\n              <\/div>\n            <\/div>\n          <\/div>\n        <\/div>\n        <div class=\"h-column h-column-container d-flex h-col-lg-4 h-col-md-6 h-col-12 style-207-outer style-local-8-c10-outer\">\n          <div data-colibri-id=\"8-c10\" class=\"d-flex h-flex-basis h-column__inner h-px-lg-3 h-px-md-3 h-px-2 v-inner-lg-3 v-inner-md-3 v-inner-2 style-207 style-local-8-c10 position-relative\">\n            <!---->\n            <!---->\n            <div class=\"w-100 h-y-container h-column__content h-column__v-align flex-basis-100 align-self-lg-center align-self-md-center align-self-center\">\n              <!---->\n              <div data-colibri-id=\"8-c11\" class=\"h-icon style-208 style-local-8-c11 position-relative h-element\">\n                <!----><span class=\"h-svg-icon h-icon__icon style-208-icon style-local-8-c11-icon\"><!--Icon by Font Awesome (https:\/\/fontawesome.com)--><svg version=\"1.1\" xmlns=\"http:\/\/www.w3.org\/2000\/svg\" xmlns:xlink=\"http:\/\/www.w3.org\/1999\/xlink\" id=\"group\" viewBox=\"0 0 1920 1896.0833\"><path d=\"M593 896q-162 5-265 128H194q-82 0-138-40.5T0 865q0-353 124-353 6 0 43.5 21t97.5 42.5T384 597q67 0 133-23-5 37-5 66 0 139 81 256zm1071 637q0 120-73 189.5t-194 69.5H523q-121 0-194-69.5T256 1533q0-53 3.5-103.5t14-109T300 1212t43-97.5 62-81 85.5-53.5T602 960q10 0 43 21.5t73 48 107 48 135 21.5 135-21.5 107-48 73-48 43-21.5q61 0 111.5 20t85.5 53.5 62 81 43 97.5 26.5 108.5 14 109 3.5 103.5zM640 256q0 106-75 181t-181 75-181-75-75-181 75-181T384 0t181 75 75 181zm704 384q0 159-112.5 271.5T960 1024 688.5 911.5 576 640t112.5-271.5T960 256t271.5 112.5T1344 640zm576 225q0 78-56 118.5t-138 40.5h-134q-103-123-265-128 81-117 81-256 0-29-5-66 66 23 133 23 59 0 119-21.5t97.5-42.5 43.5-21q124 0 124 353zm-128-609q0 106-75 181t-181 75-181-75-75-181 75-181 181-75 181 75 75 181z\"><\/path><\/svg><\/span><\/div>\n              <div\n                data-colibri-id=\"8-c12\" class=\"h-global-transition-all h-heading style-209 style-local-8-c12 position-relative h-element\">\n                <!---->\n                <div class=\"h-heading__outer style-209 style-local-8-c12\">\n                  <!---->\n                  <!---->\n                  <h4 class=\"\">pLATAFORMAS EDUCATIVAS<\/h4>\n                <\/div>\n            <\/div>\n            <div data-colibri-id=\"8-c13\" class=\"h-text h-text-component style-210 style-local-8-c13 position-relative h-element\">\n              <!---->\n              <!---->\n              <div class=\"\">\n                <p>Armamos plataformas educativas y te damos asistencia t\u00e9cnica y pedag\u00f3gica para ponerla en funcionamiento.<\/p>\n              <\/div>\n            <\/div>\n            <div data-colibri-id=\"8-c14\" class=\"h-x-container style-211 style-local-8-c14 position-relative h-element\">\n              <!---->\n              <div class=\"h-x-container-inner style-dynamic-8-c14-group style-211-spacing style-local-8-c14-spacing\"><span class=\"h-button__outer style-212-outer style-local-8-c15-outer d-inline-flex h-element\"><a h-use-smooth-scroll=\"true\" href=\"http:\/\/localhost\/kreante2\/index.php\/diseno-web\/\"  data-colibri-id=\"8-c15\" class=\"d-flex w-100 align-items-center h-button justify-content-lg-center justify-content-md-center justify-content-center style-212 style-local-8-c15 position-relative\"><!----><!----> <span>PLATAFORMAS EDUCATIVAS<\/span><\/a>\n                <\/span>\n              <\/div>\n            <\/div>\n          <\/div>\n        <\/div>\n      <\/div>\n      <div class=\"h-column h-column-container d-flex h-col-lg-4 h-col-md-6 h-col-12 style-207-outer style-local-8-c16-outer\">\n        <div data-colibri-id=\"8-c16\" class=\"d-flex h-flex-basis h-column__inner h-px-lg-3 h-px-md-3 h-px-2 v-inner-lg-3 v-inner-md-3 v-inner-2 style-207 style-local-8-c16 position-relative\">\n          <!---->\n          <!---->\n          <div class=\"w-100 h-y-container h-column__content h-column__v-align flex-basis-100 align-self-lg-center align-self-md-center align-self-center\">\n            <!---->\n            <div data-colibri-id=\"8-c17\" class=\"h-icon style-208 style-local-8-c17 position-relative h-element\">\n              <!----><span class=\"h-svg-icon h-icon__icon style-208-icon style-local-8-c17-icon\"><!--Icon by Font Awesome (https:\/\/fontawesome.com)--><svg version=\"1.1\" xmlns=\"http:\/\/www.w3.org\/2000\/svg\" xmlns:xlink=\"http:\/\/www.w3.org\/1999\/xlink\" id=\"pencil-square-o\" viewBox=\"0 0 1792 1896.0833\"><path d=\"M888 1184l116-116-152-152-116 116v56h96v96h56zm440-720q-16-16-33 1L945 815q-17 17-1 33t33-1l350-350q17-17 1-33zm80 594v190q0 119-84.5 203.5T1120 1536H288q-119 0-203.5-84.5T0 1248V416q0-119 84.5-203.5T288 128h832q63 0 117 25 15 7 18 23 3 17-9 29l-49 49q-14 14-32 8-23-6-45-6H288q-66 0-113 47t-47 113v832q0 66 47 113t113 47h832q66 0 113-47t47-113v-126q0-13 9-22l64-64q15-15 35-7t20 29zm-96-738l288 288-672 672H640V992zm444 132l-92 92-288-288 92-92q28-28 68-28t68 28l152 152q28 28 28 68t-28 68z\"><\/path><\/svg><\/span><\/div>\n            <div\n              data-colibri-id=\"8-c18\" class=\"h-global-transition-all h-heading style-209 style-local-8-c18 position-relative h-element\">\n              <!---->\n              <div class=\"h-heading__outer style-209 style-local-8-c18\">\n                <!---->\n                <!---->\n                <h4 class=\"\">DICTAR CURSOS EN L\u00cdNEA<\/h4>\n              <\/div>\n          <\/div>\n          <div data-colibri-id=\"8-c19\" class=\"h-text h-text-component style-210 style-local-8-c19 position-relative h-element\">\n            <!---->\n            <!---->\n            <div class=\"\">\n              <p>Si quer\u00e9s dar un curso en l\u00ednea y necesit\u00e1s una plataforma desde la que ofrecerlo, hac\u00e9 click en el bot\u00f3n de abajo.<\/p>\n            <\/div>\n          <\/div>\n          <div data-colibri-id=\"8-c20\" class=\"h-x-container style-211 style-local-8-c20 position-relative h-element\">\n            <!---->\n            <div class=\"h-x-container-inner style-dynamic-8-c20-group style-211-spacing style-local-8-c20-spacing\"><span class=\"h-button__outer style-212-outer style-local-8-c21-outer d-inline-flex h-element\"><a h-use-smooth-scroll=\"true\" href=\"http:\/\/localhost\/kreante2\/index.php\/cursos-en-linea\/\"  data-colibri-id=\"8-c21\" class=\"d-flex w-100 align-items-center h-button justify-content-lg-center justify-content-md-center justify-content-center style-212 style-local-8-c21 position-relative\"><!----><!----> <span>DICT\u00c1 CURSOS CON NOSOTROS<\/span><\/a>\n              <\/span>\n            <\/div>\n          <\/div>\n        <\/div>\n      <\/div>\n    <\/div>\n  <\/div>\n<\/div>\n<\/div>\n<\/div>\n<div data-colibri-component=\"section\" data-colibri-id=\"8-c25\" id=\"contact\" class=\"h-section h-section-global-spacing d-flex align-items-lg-center align-items-md-center align-items-center style-479 style-local-8-c25 position-relative\">\n  <div class=\"background-wrapper\">\n    <div class=\"background-layer background-layer-media-container-lg\">\n      <!---->\n      <div class=\"overlay-layer\">\n        <div class=\"overlay-image-layer\" style=\"background-color: rgb(23, 37, 42); opacity: 0.5;\"><\/div>\n      <\/div>\n    <\/div>\n    <div class=\"background-layer background-layer-media-container-md\">\n      <!---->\n      <div class=\"overlay-layer\">\n        <div class=\"overlay-image-layer\" style=\"background-color: rgb(23, 37, 42); opacity: 0.5;\"><\/div>\n      <\/div>\n    <\/div>\n    <div class=\"background-layer background-layer-media-container\">\n      <!---->\n      <div class=\"overlay-layer\">\n        <div class=\"overlay-image-layer\" style=\"background-color: rgb(23, 37, 42); opacity: 0.5;\"><\/div>\n      <\/div>\n    <\/div>\n  <\/div>\n  <!---->\n  <div class=\"h-section-grid-container h-section-boxed-container\">\n    <!---->\n    <div data-colibri-id=\"8-c26\" class=\"h-row-container gutters-row-lg-2 gutters-row-md-2 gutters-row-2 gutters-row-v-lg-2 gutters-row-v-md-2 gutters-row-v-2 style-480 style-local-8-c26 position-relative\">\n      <!---->\n      <div class=\"h-row justify-content-lg-center justify-content-md-center justify-content-center align-items-lg-stretch align-items-md-stretch align-items-stretch gutters-col-lg-2 gutters-col-md-2 gutters-col-2 gutters-col-v-lg-2 gutters-col-v-md-2 gutters-col-v-2\">\n        <!---->\n        <div class=\"h-column h-column-container d-flex h-col-lg-auto h-col-md-auto h-col-auto style-481-outer style-local-8-c27-outer\">\n          <div data-colibri-id=\"8-c27\" class=\"d-flex h-flex-basis h-column__inner h-px-lg-0 h-px-md-0 h-px-0 v-inner-lg-0 v-inner-md-0 v-inner-0 style-481 style-local-8-c27 position-relative\">\n            <!---->\n            <!---->\n            <div class=\"w-100 h-y-container h-column__content h-column__v-align flex-basis-100 align-self-lg-start align-self-md-start align-self-start\">\n              <!---->\n              <div data-colibri-id=\"8-c28\" class=\"h-row-container gutters-row-lg-0 gutters-row-md-0 gutters-row-0 gutters-row-v-lg-0 gutters-row-v-md-0 gutters-row-v-0 style-482 style-local-8-c28 position-relative\">\n                <!---->\n                <div class=\"h-row justify-content-lg-center justify-content-md-center justify-content-center align-items-lg-stretch align-items-md-stretch align-items-stretch gutters-col-lg-0 gutters-col-md-0 gutters-col-0 gutters-col-v-lg-0 gutters-col-v-md-0 gutters-col-v-0\">\n                  <!---->\n                  <div class=\"h-column h-column-container d-flex h-col-lg-auto h-col-md-auto h-col-auto style-483-outer style-local-8-c29-outer\">\n                    <div data-colibri-id=\"8-c29\" class=\"d-flex h-flex-basis h-column__inner h-px-lg-0 h-px-md-0 h-px-0 v-inner-lg-0 v-inner-md-0 v-inner-0 style-483 style-local-8-c29 position-relative\">\n                      <!---->\n                      <!---->\n                      <div class=\"w-100 h-y-container h-column__content h-column__v-align flex-basis-100 align-self-lg-center align-self-md-center align-self-center\">\n                        <!---->\n                        <div data-colibri-id=\"8-c30\" class=\"h-global-transition-all h-heading style-484 style-local-8-c30 position-relative h-element\">\n                          <!---->\n                          <div class=\"h-heading__outer style-484 style-local-8-c30\">\n                            <!---->\n                            <!---->\n                            <h4 class=\"\">INFORMACI\u00d3N DE CONTACTO<\/h4>\n                          <\/div>\n                        <\/div>\n                        <div data-colibri-id=\"8-c31\" class=\"h-icon style-485 style-local-8-c31 position-relative h-element\">\n                          <!----><span class=\"h-svg-icon h-icon__icon style-485-icon style-local-8-c31-icon\"><!--Icon by Icons8 Line Awesome (https:\/\/icons8.com\/line-awesome)--><svg version=\"1.1\" xmlns=\"http:\/\/www.w3.org\/2000\/svg\" xmlns:xlink=\"http:\/\/www.w3.org\/1999\/xlink\" id=\"binoculars\" viewBox=\"0 0 512 545.5\"><path d=\"M176 112c29.713 0 53.785 20.558 61 48h38c7.215-27.442 31.287-48 61-48 31.48 0 56.644 23.064 62 53 30.428 7.807 56.326 27.65 68 56v.5l.5.5L503 324c5.795 13.502 9 28.423 9 44 0 61.666-50.334 112-112 112-55.546 0-101.847-40.826-110.5-94-8.688 8.553-20.476 14-33.5 14s-24.813-5.447-33.5-14c-8.653 53.174-54.954 94-110.5 94C50.334 480 0 429.666 0 368c0-17.54 4.253-34.19 11.5-49l34-95.5h.5c11.496-31.205 37.775-50.882 68-58.5 5.356-29.936 30.52-53 62-53zm0 32c-19.043 0-32 12.957-32 32v14.5l-14.5 1.5c-24.565 2.586-44.21 17.225-53.5 42v.5L64 267c14.557-6.945 30.852-11 48-11 46.792 0 86.797 29.08 103.5 70 8.577-13.29 23.658-22 40.5-22s31.923 8.71 40.5 22c16.703-40.92 56.708-70 103.5-70 17.38 0 33.794 4.377 48.5 11.5l-12-34c-.14-.34-.354-.662-.5-1-9.246-21.422-29.724-37.997-53.5-40.5l-14.5-1.5V176c0-19.043-12.957-32-32-32s-32 12.957-32 32v16h-96v-16c0-19.043-12.957-32-32-32zm-64 144c-32.328 0-59.852 19.073-72.5 46.5-.28.606-.235 1.387-.5 2-4.2 9.743-7 20.17-7 31.5 0 44.372 35.628 80 80 80s80-35.628 80-80-35.628-80-80-80zm288 0c-44.372 0-80 35.628-80 80s35.628 80 80 80 80-35.628 80-80-35.628-80-80-80zm-144 48c-9.026 0-16 6.974-16 16s6.974 16 16 16 16-6.974 16-16-6.974-16-16-16z\"><\/path><\/svg><\/span><\/div>\n                        <div\n                          data-colibri-id=\"8-c32\" class=\"h-global-transition-all h-heading style-486 style-local-8-c32 position-relative h-element\">\n                          <!---->\n                          <div class=\"h-heading__outer style-486 style-local-8-c32\">\n                            <!---->\n                            <!---->\n                            <h5 class=\"\">Escribinos, contanos tu idea, estamos a para ayudarte.<\/h5>\n                          <\/div>\n                      <\/div>\n                      <div data-colibri-id=\"8-c33\" class=\"style-487 style-local-8-c33 position-relative h-element\">\n                        <!---->\n                        <div class=\"d-flex flex-wrap h-social-icons justify-content-lg-center justify-content-md-center justify-content-center\">\n                          <div class=\"social-icon-container d-inline-flex\">\n                            <a href=\"https:\/\/www.facebook.com\/ruben.molina.18041\" h-use-smooth-scroll=\"true\">\n                              <div class=\"icon-container h-social-icon h-global-transition\">\n                                <div class=\"h-icon-svg\" style=\"width: 100%; height: 100%;\">\n                                  <!--Icon by Font Awesome (https:\/\/fontawesome.com)-->\n                                  <svg version=\"1.1\" xmlns=\"http:\/\/www.w3.org\/2000\/svg\" xmlns:xlink=\"http:\/\/www.w3.org\/1999\/xlink\" id=\"facebook-square\" viewBox=\"0 0 1536 1896.0833\">\n                                    <path d=\"M1248 128q119 0 203.5 84.5T1536 416v960q0 119-84.5 203.5T1248 1664h-188v-595h199l30-232h-229V689q0-56 23.5-84t91.5-28l122-1V369q-63-9-178-9-136 0-217.5 80T820 666v171H620v232h200v595H288q-119 0-203.5-84.5T0 1376V416q0-119 84.5-203.5T288 128h960z\"><\/path>\n                                  <\/svg>\n                                <\/div>\n                              <\/div>\n                            <\/a>\n                          <\/div>\n                          <div class=\"social-icon-container d-inline-flex\">\n                            <a href=\"https:\/\/twitter.com\/Ruben_Molina_\" h-use-smooth-scroll=\"true\">\n                              <div class=\"icon-container h-social-icon h-global-transition\">\n                                <div class=\"h-icon-svg\" style=\"width: 100%; height: 100%;\">\n                                  <!--Icon by Font Awesome (https:\/\/fontawesome.com)-->\n                                  <svg version=\"1.1\" xmlns=\"http:\/\/www.w3.org\/2000\/svg\" xmlns:xlink=\"http:\/\/www.w3.org\/1999\/xlink\" id=\"twitter-square\" viewBox=\"0 0 1536 1896.0833\">\n                                    <path d=\"M1280 610q-56 25-121 34 68-40 93-117-65 38-134 51-61-66-153-66-87 0-148.5 61.5T755 722q0 29 5 48-129-7-242-65T326 550q-29 50-29 106 0 114 91 175-47-1-100-26v2q0 75 50 133.5t123 72.5q-29 8-51 8-13 0-39-4 21 63 74.5 104t121.5 42q-116 90-261 90-26 0-50-3 148 94 322 94 112 0 210-35.5t168-95 120.5-137 75-162T1176 746q0-18-1-27 63-45 105-109zm256-194v960q0 119-84.5 203.5T1248 1664H288q-119 0-203.5-84.5T0 1376V416q0-119 84.5-203.5T288 128h960q119 0 203.5 84.5T1536 416z\"><\/path>\n                                  <\/svg>\n                                <\/div>\n                              <\/div>\n                            <\/a>\n                          <\/div>\n                          <div class=\"social-icon-container d-inline-flex\">\n                            <a href=\"https:\/\/api.whatsapp.com\/send?phone=549261554206565&amp;text=%C2%A1Hola! Quiero informaci\u00f3n sobre sus servicios de \" h-use-smooth-scroll=\"true\">\n                              <div class=\"icon-container h-social-icon h-global-transition\">\n                                <div class=\"h-icon-svg\" style=\"width: 100%; height: 100%;\">\n                                  <!--Icon by Socicon (http:\/\/www.socicon.com)-->\n                                  <svg version=\"1.1\" xmlns=\"http:\/\/www.w3.org\/2000\/svg\" viewBox=\"0 0 1500 1500\">\n\n                                    <path d=\"M1280.273 216.797c-140.625-140.625-328.125-216.797-527.344-216.797-410.156 0-744.141 333.984-744.141 744.141 0 128.906 35.156 257.813 99.609 372.070l-105.469 383.789 395.508-102.539c108.398 58.594 228.516 90.82 354.492 90.82v0c0 0 0 0 0 0 410.156 0 744.141-333.984 744.141-744.141 0-199.219-76.172-386.719-216.797-527.344zM752.93 1362.305v0c-111.328 0-219.727-29.297-313.477-87.891l-23.438-11.719-234.375 61.523 61.523-228.516-14.648-23.438c-61.523-99.609-93.75-210.938-93.75-328.125 0-342.773 278.32-618.164 618.164-618.164 164.063 0 319.336 64.453 436.523 181.641s181.641 272.461 181.641 436.523c0 339.844-278.32 618.164-618.164 618.164zM1092.773 899.414c-20.508-8.789-111.328-55.664-128.906-61.523-14.648-5.859-29.297-8.789-41.016 8.789-11.719 20.508-46.875 61.523-58.594 73.242s-20.508 14.648-41.016 5.859c-17.578-8.789-76.172-29.297-149.414-93.75-52.734-46.875-90.82-108.398-102.539-128.906-11.719-17.578 0-26.367 8.789-38.086 8.789-5.859 17.578-20.508 26.367-32.227 11.719-8.789 14.648-17.578 20.508-29.297s2.93-23.438-2.93-32.227c-2.93-8.789-41.016-102.539-55.664-137.695-17.578-38.086-32.227-32.227-43.945-32.227-8.789 0-23.438 0-35.156 0s-32.227 2.93-49.805 20.508c-17.578 20.508-64.453 64.453-64.453 155.273 0 93.75 67.383 181.641 76.172 193.359s131.836 199.219 316.406 281.25c43.945 17.578 79.102 29.297 105.469 38.086 46.875 14.648 84.961 11.719 117.188 8.789 38.086-5.859 111.328-46.875 125.977-90.82 17.578-41.016 17.578-79.102 11.719-87.891-5.859-5.859-17.578-11.719-35.156-20.508z\"><\/path>\n                                  <\/svg>\n                                <\/div>\n                              <\/div>\n                            <\/a>\n                          <\/div>\n                          <div class=\"social-icon-container d-inline-flex\">\n                            <a href=\"ramolina2006@gmail.com\" h-use-smooth-scroll=\"true\">\n                              <div class=\"icon-container h-social-icon h-global-transition\">\n                                <div class=\"h-icon-svg\" style=\"width: 100%; height: 100%;\">\n                                  <!--Icon by Socicon (http:\/\/www.socicon.com)-->\n                                  <svg version=\"1.1\" xmlns=\"http:\/\/www.w3.org\/2000\/svg\" viewBox=\"0 0 1500 1500\">\n\n                                    <path d=\"M799.805 922.852c-14.648 11.719-32.227 20.508-49.805 20.508s-35.156-8.789-49.805-20.508l-700.195-571.289v899.414h1500v-899.414zM750 750c14.648 0 29.297-5.859 41.016-14.648l594.727-486.328h-1271.484l594.727 486.328c11.719 8.789 26.367 14.648 41.016 14.648z\"><\/path>\n                                  <\/svg>\n                                <\/div>\n                              <\/div>\n                            <\/a>\n                          <\/div>\n                        <\/div>\n                      <\/div>\n                    <\/div>\n                  <\/div>\n                <\/div>\n              <\/div>\n            <\/div>\n          <\/div>\n        <\/div>\n      <\/div>\n    <\/div>\n  <\/div>\n<\/div>\n<\/div>\n<\/div>","protected":false},"excerpt":{"rendered":"<p>\u00bfNecesit\u00e1s llegar a la gente con cursos, servicios o productos a trav\u00e9s de la web? \u00a1Est\u00e1s en el lugar indicado! DISE\u00d1O DE P\u00c1GINAS WEB Dise\u00f1amos la web para tu proyecto personal.&nbsp;&nbsp; Dise\u00f1o web pLATAFORMAS EDUCATIVAS Armamos plataformas educativas y te damos asistencia t\u00e9cnica y pedag\u00f3gica para ponerla en funcionamiento. PLATAFORMAS EDUCATIVAS DICTAR CURSOS EN L\u00cdNEA [&hellip;]<\/p>\n","protected":false},"author":1,"featured_media":0,"parent":0,"menu_order":0,"comment_status":"closed","ping_status":"closed","template":"page-templates\/homepage.php","meta":{"footnotes":""},"class_list":["post-8","page","type-page","status-publish","hentry"],"_links":{"self":[{"href":"https:\/\/kreante.com.ar\/index.php\/wp-json\/wp\/v2\/pages\/8","targetHints":{"allow":["GET"]}}],"collection":[{"href":"https:\/\/kreante.com.ar\/index.php\/wp-json\/wp\/v2\/pages"}],"about":[{"href":"https:\/\/kreante.com.ar\/index.php\/wp-json\/wp\/v2\/types\/page"}],"author":[{"embeddable":true,"href":"https:\/\/kreante.com.ar\/index.php\/wp-json\/wp\/v2\/users\/1"}],"replies":[{"embeddable":true,"href":"https:\/\/kreante.com.ar\/index.php\/wp-json\/wp\/v2\/comments?post=8"}],"version-history":[{"count":21,"href":"https:\/\/kreante.com.ar\/index.php\/wp-json\/wp\/v2\/pages\/8\/revisions"}],"predecessor-version":[{"id":633,"href":"https:\/\/kreante.com.ar\/index.php\/wp-json\/wp\/v2\/pages\/8\/revisions\/633"}],"wp:attachment":[{"href":"https:\/\/kreante.com.ar\/index.php\/wp-json\/wp\/v2\/media?parent=8"}],"curies":[{"name":"wp","href":"https:\/\/api.w.org\/{rel}","templated":true}]}}